{"id":159,"date":"2026-04-09T12:42:42","date_gmt":"2026-04-09T09:42:42","guid":{"rendered":"https:\/\/puhdasluonto.fi\/product\/puhas-kodu-vannitoa-puhastusvahend-500ml\/"},"modified":"2026-04-09T12:42:42","modified_gmt":"2026-04-09T09:42:42","slug":"puhas-kodu-vannitoa-puhastusvahend-500ml","status":"publish","type":"product","link":"https:\/\/puhdasluonto.fi\/fi\/product\/puhas-kodu-vannitoa-puhastusvahend-500ml\/","title":{"rendered":"Puhas Kodu vannitoa puhastusvahend 500ml"},"content":{"rendered":"<p>Puhastab t\u00f5husalt emaill- ja plastmassist vannid, du\u0161ialuseid, kabiinid ning muud vannitoa pinnad pesuj\u00e4\u00e4kidest ja veekivistusest.<\/p>","protected":false},"excerpt":{"rendered":"<p>T\u00f5hus vannitoa puhastusvahend pesuj\u00e4\u00e4kide ja veekivistuse eemaldamiseks.<\/p>","protected":false},"featured_media":158,"comment_status":"open","ping_status":"closed","template":"","meta":{"_acf_changed":false},"product_brand":[],"product_cat":[18,43],"product_tag":[],"class_list":{"0":"post-159","1":"product","2":"type-product","3":"status-publish","4":"has-post-thumbnail","6":"product_cat-kodu-ja-puhastus","7":"product_cat-vannituba","9":"first","10":"instock","11":"taxable","12":"shipping-taxable","13":"purchasable","14":"product-type-simple"},"acf":[],"_links":{"self":[{"href":"https:\/\/puhdasluonto.fi\/fi\/wp-json\/wp\/v2\/product\/159","targetHints":{"allow":["GET"]}}],"collection":[{"href":"https:\/\/puhdasluonto.fi\/fi\/wp-json\/wp\/v2\/product"}],"about":[{"href":"https:\/\/puhdasluonto.fi\/fi\/wp-json\/wp\/v2\/types\/product"}],"replies":[{"embeddable":true,"href":"https:\/\/puhdasluonto.fi\/fi\/wp-json\/wp\/v2\/comments?post=159"}],"wp:featuredmedia":[{"embeddable":true,"href":"https:\/\/puhdasluonto.fi\/fi\/wp-json\/wp\/v2\/media\/158"}],"wp:attachment":[{"href":"https:\/\/puhdasluonto.fi\/fi\/wp-json\/wp\/v2\/media?parent=159"}],"wp:term":[{"taxonomy":"product_brand","embeddable":true,"href":"https:\/\/puhdasluonto.fi\/fi\/wp-json\/wp\/v2\/product_brand?post=159"},{"taxonomy":"product_cat","embeddable":true,"href":"https:\/\/puhdasluonto.fi\/fi\/wp-json\/wp\/v2\/product_cat?post=159"},{"taxonomy":"product_tag","embeddable":true,"href":"https:\/\/puhdasluonto.fi\/fi\/wp-json\/wp\/v2\/product_tag?post=159"}],"curies":[{"name":"wp","href":"https:\/\/api.w.org\/{rel}","templated":true}]}}