{"id":157,"date":"2026-04-09T12:42:11","date_gmt":"2026-04-09T09:42:11","guid":{"rendered":"https:\/\/puhdasluonto.fi\/product\/orto-koerasampoon-tommy-240ml\/"},"modified":"2026-04-09T12:42:11","modified_gmt":"2026-04-09T09:42:11","slug":"orto-koerasampoon-tommy-240ml","status":"publish","type":"product","link":"https:\/\/puhdasluonto.fi\/fi\/product\/orto-koerasampoon-tommy-240ml\/","title":{"rendered":"Orto koera\u0161ampoon &#8220;TOMMY&#8221; 240ml"},"content":{"rendered":"<p>\u00d5rn \u0161ampoon nii pika- kui l\u00fchikarvalistele koertele. Aaloe vera geeli ja pantenooli sisaldav valem pakub toitvat ja niisutavat hooldust, rahustades \u00e4rritunud nahka. Gl\u00fctseriin s\u00e4ilitab naha loomuliku niiskuse ja lisab karvastikule pehmust. Kergelt vahutuv ja kergesti v\u00e4ljapestav. L\u00f5hna- ja kunstlike v\u00e4rvainete vaba.<\/p>","protected":false},"excerpt":{"rendered":"<p>\u00d5rn \u0161ampoon koertele aaloe vera ja pantenooliga.<\/p>","protected":false},"featured_media":156,"comment_status":"open","ping_status":"closed","template":"","meta":{"_acf_changed":false},"product_brand":[],"product_cat":[18,40],"product_tag":[],"class_list":{"0":"post-157","1":"product","2":"type-product","3":"status-publish","4":"has-post-thumbnail","6":"product_cat-kodu-ja-puhastus","7":"product_cat-lemmikloomad","9":"first","10":"instock","11":"taxable","12":"shipping-taxable","13":"purchasable","14":"product-type-simple"},"acf":[],"_links":{"self":[{"href":"https:\/\/puhdasluonto.fi\/fi\/wp-json\/wp\/v2\/product\/157","targetHints":{"allow":["GET"]}}],"collection":[{"href":"https:\/\/puhdasluonto.fi\/fi\/wp-json\/wp\/v2\/product"}],"about":[{"href":"https:\/\/puhdasluonto.fi\/fi\/wp-json\/wp\/v2\/types\/product"}],"replies":[{"embeddable":true,"href":"https:\/\/puhdasluonto.fi\/fi\/wp-json\/wp\/v2\/comments?post=157"}],"wp:featuredmedia":[{"embeddable":true,"href":"https:\/\/puhdasluonto.fi\/fi\/wp-json\/wp\/v2\/media\/156"}],"wp:attachment":[{"href":"https:\/\/puhdasluonto.fi\/fi\/wp-json\/wp\/v2\/media?parent=157"}],"wp:term":[{"taxonomy":"product_brand","embeddable":true,"href":"https:\/\/puhdasluonto.fi\/fi\/wp-json\/wp\/v2\/product_brand?post=157"},{"taxonomy":"product_cat","embeddable":true,"href":"https:\/\/puhdasluonto.fi\/fi\/wp-json\/wp\/v2\/product_cat?post=157"},{"taxonomy":"product_tag","embeddable":true,"href":"https:\/\/puhdasluonto.fi\/fi\/wp-json\/wp\/v2\/product_tag?post=157"}],"curies":[{"name":"wp","href":"https:\/\/api.w.org\/{rel}","templated":true}]}}