{"id":150,"date":"2026-04-09T12:41:28","date_gmt":"2026-04-09T09:41:28","guid":{"rendered":"https:\/\/puhdasluonto.fi\/product\/bioaktiivne-b-vitamiinide-kompleks\/"},"modified":"2026-04-09T12:41:28","modified_gmt":"2026-04-09T09:41:28","slug":"bioaktiivne-b-vitamiinide-kompleks","status":"publish","type":"product","link":"https:\/\/puhdasluonto.fi\/fi\/product\/bioaktiivne-b-vitamiinide-kompleks\/","title":{"rendered":"Bioaktiivne B-vitamiinide kompleks"},"content":{"rendered":"<p>Optimaalsete dooside ja kiirelt organismi j\u00f5udev B-vitamiinide bioaktiivne kompleks. B-vitamiinid osalevad enamikes organismi ainevahetusprotsessides. B-vitamiinid aitavad kaasa raku energia tootmisele, v\u00e4simuse ja kurnatuse v\u00e4hendamisele ning n\u00e4rvirakkude omavahelisele suhtlusele.<\/p>","protected":false},"excerpt":{"rendered":"<p>Bioaktiivne B-vitamiinide kompleks energia ja n\u00e4rvis\u00fcsteemi toetamiseks.<\/p>","protected":false},"featured_media":149,"comment_status":"open","ping_status":"closed","template":"","meta":{"_acf_changed":false},"product_brand":[],"product_cat":[17,38],"product_tag":[],"class_list":{"0":"post-150","1":"product","2":"type-product","3":"status-publish","4":"has-post-thumbnail","6":"product_cat-tervis-ja-toidulisandid","7":"product_cat-vitamiinid","9":"first","10":"instock","11":"taxable","12":"shipping-taxable","13":"purchasable","14":"product-type-simple"},"acf":[],"_links":{"self":[{"href":"https:\/\/puhdasluonto.fi\/fi\/wp-json\/wp\/v2\/product\/150","targetHints":{"allow":["GET"]}}],"collection":[{"href":"https:\/\/puhdasluonto.fi\/fi\/wp-json\/wp\/v2\/product"}],"about":[{"href":"https:\/\/puhdasluonto.fi\/fi\/wp-json\/wp\/v2\/types\/product"}],"replies":[{"embeddable":true,"href":"https:\/\/puhdasluonto.fi\/fi\/wp-json\/wp\/v2\/comments?post=150"}],"wp:featuredmedia":[{"embeddable":true,"href":"https:\/\/puhdasluonto.fi\/fi\/wp-json\/wp\/v2\/media\/149"}],"wp:attachment":[{"href":"https:\/\/puhdasluonto.fi\/fi\/wp-json\/wp\/v2\/media?parent=150"}],"wp:term":[{"taxonomy":"product_brand","embeddable":true,"href":"https:\/\/puhdasluonto.fi\/fi\/wp-json\/wp\/v2\/product_brand?post=150"},{"taxonomy":"product_cat","embeddable":true,"href":"https:\/\/puhdasluonto.fi\/fi\/wp-json\/wp\/v2\/product_cat?post=150"},{"taxonomy":"product_tag","embeddable":true,"href":"https:\/\/puhdasluonto.fi\/fi\/wp-json\/wp\/v2\/product_tag?post=150"}],"curies":[{"name":"wp","href":"https:\/\/api.w.org\/{rel}","templated":true}]}}