{"id":146,"date":"2026-04-09T12:41:24","date_gmt":"2026-04-09T09:41:24","guid":{"rendered":"https:\/\/puhdasluonto.fi\/product\/puhas-energia-energiat-andev\/"},"modified":"2026-04-09T12:41:24","modified_gmt":"2026-04-09T09:41:24","slug":"puhas-energia-energiat-andev","status":"publish","type":"product","link":"https:\/\/puhdasluonto.fi\/fi\/product\/puhas-energia-energiat-andev\/","title":{"rendered":"Puhas Energia \u2013 energiat andev"},"content":{"rendered":"<p>Energiat andev taimede segu pakub tuge pingelisel ja kiirel eluperioodil. Aitab v\u00e4simuse vastu ning toetab f\u00fc\u00fcsilist ja vaimset t\u00f6\u00f6v\u00f5imet. Maca on energiaallikas, mis aitab hoida optimaalset vastupidavust ja vitaalsust. Siberi \u017een\u0161enn ja roosil\u00f5hnaline kuldjuur on adaptogeenid, mis pakuvad kehale tuge kohanemisel emotsionaalse stressi ja f\u00fc\u00fcsilise pingutusega. Guaraana aitab s\u00e4ilitada f\u00fc\u00fcsilist ja vaimset erksust ning v\u00e4hendada v\u00e4simust.<\/p>","protected":false},"excerpt":{"rendered":"<p>Energiat andev toidulisand taimede seguga pingeliseks eluperioodiks.<\/p>","protected":false},"featured_media":145,"comment_status":"open","ping_status":"closed","template":"","meta":{"_acf_changed":false},"product_brand":[],"product_cat":[34,17],"product_tag":[],"class_list":{"0":"post-146","1":"product","2":"type-product","3":"status-publish","4":"has-post-thumbnail","6":"product_cat-energia-uni","7":"product_cat-tervis-ja-toidulisandid","9":"first","10":"instock","11":"taxable","12":"shipping-taxable","13":"purchasable","14":"product-type-simple"},"acf":[],"_links":{"self":[{"href":"https:\/\/puhdasluonto.fi\/fi\/wp-json\/wp\/v2\/product\/146","targetHints":{"allow":["GET"]}}],"collection":[{"href":"https:\/\/puhdasluonto.fi\/fi\/wp-json\/wp\/v2\/product"}],"about":[{"href":"https:\/\/puhdasluonto.fi\/fi\/wp-json\/wp\/v2\/types\/product"}],"replies":[{"embeddable":true,"href":"https:\/\/puhdasluonto.fi\/fi\/wp-json\/wp\/v2\/comments?post=146"}],"wp:featuredmedia":[{"embeddable":true,"href":"https:\/\/puhdasluonto.fi\/fi\/wp-json\/wp\/v2\/media\/145"}],"wp:attachment":[{"href":"https:\/\/puhdasluonto.fi\/fi\/wp-json\/wp\/v2\/media?parent=146"}],"wp:term":[{"taxonomy":"product_brand","embeddable":true,"href":"https:\/\/puhdasluonto.fi\/fi\/wp-json\/wp\/v2\/product_brand?post=146"},{"taxonomy":"product_cat","embeddable":true,"href":"https:\/\/puhdasluonto.fi\/fi\/wp-json\/wp\/v2\/product_cat?post=146"},{"taxonomy":"product_tag","embeddable":true,"href":"https:\/\/puhdasluonto.fi\/fi\/wp-json\/wp\/v2\/product_tag?post=146"}],"curies":[{"name":"wp","href":"https:\/\/api.w.org\/{rel}","templated":true}]}}