{"id":142,"date":"2026-04-09T12:40:41","date_gmt":"2026-04-09T09:40:41","guid":{"rendered":"https:\/\/puhdasluonto.fi\/product\/puhas-loodus-juukseid-varskendav-sampoon-greip-250ml\/"},"modified":"2026-04-09T12:40:41","modified_gmt":"2026-04-09T09:40:41","slug":"puhas-loodus-juukseid-varskendav-sampoon-greip-250ml","status":"publish","type":"product","link":"https:\/\/puhdasluonto.fi\/fi\/product\/puhas-loodus-juukseid-varskendav-sampoon-greip-250ml\/","title":{"rendered":"Puhas Loodus juukseid v\u00e4rskendav \u0161ampoon Greip 250ml"},"content":{"rendered":"<p>V\u00e4rskendav \u0161ampoon k\u00f5ikidele juukset\u00fc\u00fcpidele. Puhastab t\u00f5husalt juukseid ja peanahka. Sisaldab naturaalseid greibi-, kasepunga- ja sidruniekstrakte ning toimeaineid, mis m\u00f5jutavad rasun\u00e4\u00e4rmeid. See v\u00f5imaldab puhastamist ilma juukseid liigselt kuivatamata ja rasusust suurendamata. J\u00e4tab peanaha kauemaks v\u00e4rskena ning juuksed kohevaks ja kergeks. 95% looduslikku p\u00e4ritolu koostisosi. Vegan valem.<\/p>","protected":false},"excerpt":{"rendered":"<p>V\u00e4rskendav \u0161ampoon k\u00f5ikidele juukset\u00fc\u00fcpidele greibi-, kasepunga- ja sidruniekstraktidega.<\/p>","protected":false},"featured_media":141,"comment_status":"open","ping_status":"closed","template":"","meta":{"_acf_changed":false},"product_brand":[],"product_cat":[52,16,30,53],"product_tag":[62],"class_list":{"0":"post-142","1":"product","2":"type-product","3":"status-publish","4":"has-post-thumbnail","6":"product_cat-bestsellerid","7":"product_cat-ilu-ja-kosmeetika","8":"product_cat-juuksed","9":"product_cat-pakkumised","10":"product_tag-bestseller","12":"first","13":"instock","14":"taxable","15":"shipping-taxable","16":"purchasable","17":"product-type-simple"},"acf":[],"_links":{"self":[{"href":"https:\/\/puhdasluonto.fi\/fi\/wp-json\/wp\/v2\/product\/142","targetHints":{"allow":["GET"]}}],"collection":[{"href":"https:\/\/puhdasluonto.fi\/fi\/wp-json\/wp\/v2\/product"}],"about":[{"href":"https:\/\/puhdasluonto.fi\/fi\/wp-json\/wp\/v2\/types\/product"}],"replies":[{"embeddable":true,"href":"https:\/\/puhdasluonto.fi\/fi\/wp-json\/wp\/v2\/comments?post=142"}],"wp:featuredmedia":[{"embeddable":true,"href":"https:\/\/puhdasluonto.fi\/fi\/wp-json\/wp\/v2\/media\/141"}],"wp:attachment":[{"href":"https:\/\/puhdasluonto.fi\/fi\/wp-json\/wp\/v2\/media?parent=142"}],"wp:term":[{"taxonomy":"product_brand","embeddable":true,"href":"https:\/\/puhdasluonto.fi\/fi\/wp-json\/wp\/v2\/product_brand?post=142"},{"taxonomy":"product_cat","embeddable":true,"href":"https:\/\/puhdasluonto.fi\/fi\/wp-json\/wp\/v2\/product_cat?post=142"},{"taxonomy":"product_tag","embeddable":true,"href":"https:\/\/puhdasluonto.fi\/fi\/wp-json\/wp\/v2\/product_tag?post=142"}],"curies":[{"name":"wp","href":"https:\/\/api.w.org\/{rel}","templated":true}]}}