{"id":165,"date":"2026-04-09T12:42:55","date_gmt":"2026-04-09T09:42:55","guid":{"rendered":"https:\/\/puhdasluonto.fi\/product\/plix-tugevatoimeline-saasepeletaja-50ml\/"},"modified":"2026-04-09T12:42:55","modified_gmt":"2026-04-09T09:42:55","slug":"plix-tugevatoimeline-saasepeletaja-50ml","status":"publish","type":"product","link":"https:\/\/puhdasluonto.fi\/en\/product\/plix-tugevatoimeline-saasepeletaja-50ml\/","title":{"rendered":"PLIX tugevatoimeline s\u00e4\u00e4sepeletaja 50ml"},"content":{"rendered":"<p>Nahale kantav vedel s\u00e4\u00e4sepeletaja, mille toime kestab ligikaudu 3-5 tundi. Kaitseb ka kihulaste, kirbude ja muude t\u00fc\u00fctute putukate eest. Sisaldab biotsiidi.<\/p>","protected":false},"excerpt":{"rendered":"<p>Tugevatoimeline vedel s\u00e4\u00e4sepeletaja 3-5 tunnise kaitsega.<\/p>","protected":false},"featured_media":164,"comment_status":"open","ping_status":"closed","template":"","meta":{"_acf_changed":false},"product_brand":[],"product_cat":[21,50],"product_tag":[],"class_list":{"0":"post-165","1":"product","2":"type-product","3":"status-publish","4":"has-post-thumbnail","6":"product_cat-kaitse-ja-torje","7":"product_cat-saasetorje","9":"first","10":"instock","11":"taxable","12":"shipping-taxable","13":"purchasable","14":"product-type-simple"},"acf":[],"_links":{"self":[{"href":"https:\/\/puhdasluonto.fi\/en\/wp-json\/wp\/v2\/product\/165","targetHints":{"allow":["GET"]}}],"collection":[{"href":"https:\/\/puhdasluonto.fi\/en\/wp-json\/wp\/v2\/product"}],"about":[{"href":"https:\/\/puhdasluonto.fi\/en\/wp-json\/wp\/v2\/types\/product"}],"replies":[{"embeddable":true,"href":"https:\/\/puhdasluonto.fi\/en\/wp-json\/wp\/v2\/comments?post=165"}],"wp:featuredmedia":[{"embeddable":true,"href":"https:\/\/puhdasluonto.fi\/en\/wp-json\/wp\/v2\/media\/164"}],"wp:attachment":[{"href":"https:\/\/puhdasluonto.fi\/en\/wp-json\/wp\/v2\/media?parent=165"}],"wp:term":[{"taxonomy":"product_brand","embeddable":true,"href":"https:\/\/puhdasluonto.fi\/en\/wp-json\/wp\/v2\/product_brand?post=165"},{"taxonomy":"product_cat","embeddable":true,"href":"https:\/\/puhdasluonto.fi\/en\/wp-json\/wp\/v2\/product_cat?post=165"},{"taxonomy":"product_tag","embeddable":true,"href":"https:\/\/puhdasluonto.fi\/en\/wp-json\/wp\/v2\/product_tag?post=165"}],"curies":[{"name":"wp","href":"https:\/\/api.w.org\/{rel}","templated":true}]}}