{"id":163,"date":"2026-04-09T12:42:54","date_gmt":"2026-04-09T09:42:54","guid":{"rendered":"https:\/\/puhdasluonto.fi\/product\/solar-niisutav-paevituskreem-spf30-tugev-kaitse-100ml\/"},"modified":"2026-04-09T12:42:54","modified_gmt":"2026-04-09T09:42:54","slug":"solar-niisutav-paevituskreem-spf30-tugev-kaitse-100ml","status":"publish","type":"product","link":"https:\/\/puhdasluonto.fi\/en\/product\/solar-niisutav-paevituskreem-spf30-tugev-kaitse-100ml\/","title":{"rendered":"Solar niisutav p\u00e4evituskreem SPF30 \u2013 tugev kaitse 100ml"},"content":{"rendered":"<p>Tugev p\u00e4ikesekaitse kreem (SPF 30) tundlikule nahale ja p\u00e4ikesele avatud piirkondadele. Aaloe eksrakt ja \u00f5lid s\u00e4ilitavad naha niiskustasakaalu, pehmendavad ja rahustavad. Ennetab naha enneaegset vananemist.<\/p>","protected":false},"excerpt":{"rendered":"<p>SPF30 p\u00e4evituskreem tundlikule nahale tugeva kaitsega.<\/p>","protected":false},"featured_media":162,"comment_status":"open","ping_status":"closed","template":"","meta":{"_acf_changed":false},"product_brand":[],"product_cat":[21,49,53],"product_tag":[],"class_list":{"0":"post-163","1":"product","2":"type-product","3":"status-publish","4":"has-post-thumbnail","6":"product_cat-kaitse-ja-torje","7":"product_cat-paikesekaitse","8":"product_cat-pakkumised","10":"first","11":"instock","12":"taxable","13":"shipping-taxable","14":"purchasable","15":"product-type-simple"},"acf":[],"_links":{"self":[{"href":"https:\/\/puhdasluonto.fi\/en\/wp-json\/wp\/v2\/product\/163","targetHints":{"allow":["GET"]}}],"collection":[{"href":"https:\/\/puhdasluonto.fi\/en\/wp-json\/wp\/v2\/product"}],"about":[{"href":"https:\/\/puhdasluonto.fi\/en\/wp-json\/wp\/v2\/types\/product"}],"replies":[{"embeddable":true,"href":"https:\/\/puhdasluonto.fi\/en\/wp-json\/wp\/v2\/comments?post=163"}],"wp:featuredmedia":[{"embeddable":true,"href":"https:\/\/puhdasluonto.fi\/en\/wp-json\/wp\/v2\/media\/162"}],"wp:attachment":[{"href":"https:\/\/puhdasluonto.fi\/en\/wp-json\/wp\/v2\/media?parent=163"}],"wp:term":[{"taxonomy":"product_brand","embeddable":true,"href":"https:\/\/puhdasluonto.fi\/en\/wp-json\/wp\/v2\/product_brand?post=163"},{"taxonomy":"product_cat","embeddable":true,"href":"https:\/\/puhdasluonto.fi\/en\/wp-json\/wp\/v2\/product_cat?post=163"},{"taxonomy":"product_tag","embeddable":true,"href":"https:\/\/puhdasluonto.fi\/en\/wp-json\/wp\/v2\/product_tag?post=163"}],"curies":[{"name":"wp","href":"https:\/\/api.w.org\/{rel}","templated":true}]}}