{"id":161,"date":"2026-04-09T12:42:52","date_gmt":"2026-04-09T09:42:52","guid":{"rendered":"https:\/\/puhdasluonto.fi\/product\/ortomed-urea-10-niisutav-kreem-eriti-kuivale-nahale-500ml\/"},"modified":"2026-04-09T12:42:52","modified_gmt":"2026-04-09T09:42:52","slug":"ortomed-urea-10-niisutav-kreem-eriti-kuivale-nahale-500ml","status":"publish","type":"product","link":"https:\/\/puhdasluonto.fi\/en\/product\/ortomed-urea-10-niisutav-kreem-eriti-kuivale-nahale-500ml\/","title":{"rendered":"Ortomed UREA 10% niisutav kreem \u2013 eriti kuivale nahale 500ml"},"content":{"rendered":"<p>Niisutav kreem, mis on v\u00e4lja t\u00f6\u00f6tatud koost\u00f6\u00f6s Eesti Psoriaasiliiduga ja dermatoloogidega n\u00e4o, k\u00e4te ja keha efektiivseks niisutamiseks ja seisundi parandamiseks. Uurea toimib loomuliku niisutava tegurina, pehmendades ja niisutades nahka ning soodustades selle loomuliku uuenemist. Valem tugevdab naha v\u00f5imet taluda keskkonnam\u00f5jusid. \u00d5lid pakuvad lisapehmendust ja loovad kaitsekihi kreemi niisutava efekti pikendamiseks. Sobib igap\u00e4evaseks kasutamiseks kuivale, v\u00e4ga kuivale, pingul, karedale v\u00f5i ketendavale nahale.<\/p>","protected":false},"excerpt":{"rendered":"<p>Niisutav kreem eriti kuivale ja probleemsele nahale uureaga.<\/p>","protected":false},"featured_media":160,"comment_status":"open","ping_status":"closed","template":"","meta":{"_acf_changed":false},"product_brand":[],"product_cat":[19,45],"product_tag":[],"class_list":{"0":"post-161","1":"product","2":"type-product","3":"status-publish","4":"has-post-thumbnail","6":"product_cat-apteegitooted","7":"product_cat-kehahooldus-probleemsele-nahale","9":"first","10":"instock","11":"taxable","12":"shipping-taxable","13":"purchasable","14":"product-type-simple"},"acf":[],"_links":{"self":[{"href":"https:\/\/puhdasluonto.fi\/en\/wp-json\/wp\/v2\/product\/161","targetHints":{"allow":["GET"]}}],"collection":[{"href":"https:\/\/puhdasluonto.fi\/en\/wp-json\/wp\/v2\/product"}],"about":[{"href":"https:\/\/puhdasluonto.fi\/en\/wp-json\/wp\/v2\/types\/product"}],"replies":[{"embeddable":true,"href":"https:\/\/puhdasluonto.fi\/en\/wp-json\/wp\/v2\/comments?post=161"}],"wp:featuredmedia":[{"embeddable":true,"href":"https:\/\/puhdasluonto.fi\/en\/wp-json\/wp\/v2\/media\/160"}],"wp:attachment":[{"href":"https:\/\/puhdasluonto.fi\/en\/wp-json\/wp\/v2\/media?parent=161"}],"wp:term":[{"taxonomy":"product_brand","embeddable":true,"href":"https:\/\/puhdasluonto.fi\/en\/wp-json\/wp\/v2\/product_brand?post=161"},{"taxonomy":"product_cat","embeddable":true,"href":"https:\/\/puhdasluonto.fi\/en\/wp-json\/wp\/v2\/product_cat?post=161"},{"taxonomy":"product_tag","embeddable":true,"href":"https:\/\/puhdasluonto.fi\/en\/wp-json\/wp\/v2\/product_tag?post=161"}],"curies":[{"name":"wp","href":"https:\/\/api.w.org\/{rel}","templated":true}]}}