{"id":153,"date":"2026-04-09T12:41:59","date_gmt":"2026-04-09T09:41:59","guid":{"rendered":"https:\/\/puhdasluonto.fi\/product\/suoliston-puhdistus-detox\/"},"modified":"2026-04-09T12:41:59","modified_gmt":"2026-04-09T09:41:59","slug":"suoliston-puhdistus-detox","status":"publish","type":"product","link":"https:\/\/puhdasluonto.fi\/en\/product\/suoliston-puhdistus-detox\/","title":{"rendered":"SUOLISTON PUHDISTUS \u2013 Detox"},"content":{"rendered":"<p>Tukea suoliston luonnolliseen puhdistumiseen ja kehon tasapainoon. Edist\u00e4\u00e4 suoliston normaalia toimintaa ja rytmi\u00e4: kuidut aktivoivat suolen liikett\u00e4 ja lis\u00e4\u00e4v\u00e4t s\u00e4\u00e4nn\u00f6llisyytt\u00e4. Auttaa puhdistamaan suolistoa luonnollisesti: sitoo kuona-aineita ja tukee niiden poistumista kehosta.<\/p>","protected":false},"excerpt":{"rendered":"<p>Toetab soolestiku loomulikku puhastumist ja keha tasakaalu.<\/p>","protected":false},"featured_media":152,"comment_status":"open","ping_status":"closed","template":"","meta":{"_acf_changed":false},"product_brand":[],"product_cat":[52,37,17],"product_tag":[62],"class_list":{"0":"post-153","1":"product","2":"type-product","3":"status-publish","4":"has-post-thumbnail","6":"product_cat-bestsellerid","7":"product_cat-seedimine","8":"product_cat-tervis-ja-toidulisandid","9":"product_tag-bestseller","11":"first","12":"instock","13":"taxable","14":"shipping-taxable","15":"purchasable","16":"product-type-simple"},"acf":[],"_links":{"self":[{"href":"https:\/\/puhdasluonto.fi\/en\/wp-json\/wp\/v2\/product\/153","targetHints":{"allow":["GET"]}}],"collection":[{"href":"https:\/\/puhdasluonto.fi\/en\/wp-json\/wp\/v2\/product"}],"about":[{"href":"https:\/\/puhdasluonto.fi\/en\/wp-json\/wp\/v2\/types\/product"}],"replies":[{"embeddable":true,"href":"https:\/\/puhdasluonto.fi\/en\/wp-json\/wp\/v2\/comments?post=153"}],"wp:featuredmedia":[{"embeddable":true,"href":"https:\/\/puhdasluonto.fi\/en\/wp-json\/wp\/v2\/media\/152"}],"wp:attachment":[{"href":"https:\/\/puhdasluonto.fi\/en\/wp-json\/wp\/v2\/media?parent=153"}],"wp:term":[{"taxonomy":"product_brand","embeddable":true,"href":"https:\/\/puhdasluonto.fi\/en\/wp-json\/wp\/v2\/product_brand?post=153"},{"taxonomy":"product_cat","embeddable":true,"href":"https:\/\/puhdasluonto.fi\/en\/wp-json\/wp\/v2\/product_cat?post=153"},{"taxonomy":"product_tag","embeddable":true,"href":"https:\/\/puhdasluonto.fi\/en\/wp-json\/wp\/v2\/product_tag?post=153"}],"curies":[{"name":"wp","href":"https:\/\/api.w.org\/{rel}","templated":true}]}}