{"id":151,"date":"2026-04-09T12:41:56","date_gmt":"2026-04-09T09:41:56","guid":{"rendered":"https:\/\/puhdasluonto.fi\/product\/puhas-loodus-vananemisvastane-ookreem-viinamari-75ml\/"},"modified":"2026-04-09T12:44:34","modified_gmt":"2026-04-09T09:44:34","slug":"puhas-loodus-vananemisvastane-ookreem-viinamari-75ml","status":"publish","type":"product","link":"https:\/\/puhdasluonto.fi\/en\/product\/puhas-loodus-vananemisvastane-ookreem-viinamari-75ml\/","title":{"rendered":"Puhas Loodus vananemisvastane \u00f6\u00f6kreem Viinamari 75ml"},"content":{"rendered":"<p>Viinamarjaseemne\u00f5li ja h\u00fcaluroonhappega \u00f6\u00f6kreem n\u00e4onaha hoolduseks. Kahe h\u00fcaluroonhappe, viinamarjaseemne\u00f5li ja E-vitamiini kooslus aitab hoida naha niiskust, lisades elastsust ja siidisust. Sheav\u00f5i toidab ja pehmendab n\u00e4onahka. Sobib k\u00f5ikidele nahat\u00fc\u00fcpidele.<\/p>","protected":false},"excerpt":{"rendered":"<p>Viinamarjaseemne\u00f5li ja h\u00fcaluroonhappega \u00f6\u00f6kreem vananemism\u00e4rkide v\u00e4hendamiseks.<\/p>","protected":false},"featured_media":172,"comment_status":"open","ping_status":"closed","template":"","meta":{"_acf_changed":false},"product_brand":[],"product_cat":[52,16,33,53],"product_tag":[62],"class_list":{"0":"post-151","1":"product","2":"type-product","3":"status-publish","4":"has-post-thumbnail","6":"product_cat-bestsellerid","7":"product_cat-ilu-ja-kosmeetika","8":"product_cat-nagu","9":"product_cat-pakkumised","10":"product_tag-bestseller","12":"first","13":"instock","14":"taxable","15":"shipping-taxable","16":"purchasable","17":"product-type-simple"},"acf":[],"_links":{"self":[{"href":"https:\/\/puhdasluonto.fi\/en\/wp-json\/wp\/v2\/product\/151","targetHints":{"allow":["GET"]}}],"collection":[{"href":"https:\/\/puhdasluonto.fi\/en\/wp-json\/wp\/v2\/product"}],"about":[{"href":"https:\/\/puhdasluonto.fi\/en\/wp-json\/wp\/v2\/types\/product"}],"replies":[{"embeddable":true,"href":"https:\/\/puhdasluonto.fi\/en\/wp-json\/wp\/v2\/comments?post=151"}],"wp:featuredmedia":[{"embeddable":true,"href":"https:\/\/puhdasluonto.fi\/en\/wp-json\/wp\/v2\/media\/172"}],"wp:attachment":[{"href":"https:\/\/puhdasluonto.fi\/en\/wp-json\/wp\/v2\/media?parent=151"}],"wp:term":[{"taxonomy":"product_brand","embeddable":true,"href":"https:\/\/puhdasluonto.fi\/en\/wp-json\/wp\/v2\/product_brand?post=151"},{"taxonomy":"product_cat","embeddable":true,"href":"https:\/\/puhdasluonto.fi\/en\/wp-json\/wp\/v2\/product_cat?post=151"},{"taxonomy":"product_tag","embeddable":true,"href":"https:\/\/puhdasluonto.fi\/en\/wp-json\/wp\/v2\/product_tag?post=151"}],"curies":[{"name":"wp","href":"https:\/\/api.w.org\/{rel}","templated":true}]}}