{"id":148,"date":"2026-04-09T12:41:27","date_gmt":"2026-04-09T09:41:27","guid":{"rendered":"https:\/\/puhdasluonto.fi\/product\/liposoomne-c-vitamiin\/"},"modified":"2026-04-09T12:41:27","modified_gmt":"2026-04-09T09:41:27","slug":"liposoomne-c-vitamiin","status":"publish","type":"product","link":"https:\/\/puhdasluonto.fi\/en\/product\/liposoomne-c-vitamiin\/","title":{"rendered":"LIPOSOOMNE C-VITAMIIN"},"content":{"rendered":"<p>Ecoshi liposomaatiliste toodete sarja kuuluv liposoomne C-vitamiin aitab kaasa t\u00f5husamale immuuns\u00fcsteemi talitlusele, energiavahetusele ning v\u00e4simuse ja kurnatuse v\u00e4hendamisele.<\/p>","protected":false},"excerpt":{"rendered":"<p>Liposoomne C-vitamiin immuuns\u00fcsteemi toetamiseks ja v\u00e4simuse v\u00e4hendamiseks.<\/p>","protected":false},"featured_media":147,"comment_status":"open","ping_status":"closed","template":"","meta":{"_acf_changed":false},"product_brand":[],"product_cat":[53,17,38],"product_tag":[],"class_list":{"0":"post-148","1":"product","2":"type-product","3":"status-publish","4":"has-post-thumbnail","6":"product_cat-pakkumised","7":"product_cat-tervis-ja-toidulisandid","8":"product_cat-vitamiinid","10":"first","11":"instock","12":"sale","13":"taxable","14":"shipping-taxable","15":"purchasable","16":"product-type-simple"},"acf":[],"_links":{"self":[{"href":"https:\/\/puhdasluonto.fi\/en\/wp-json\/wp\/v2\/product\/148","targetHints":{"allow":["GET"]}}],"collection":[{"href":"https:\/\/puhdasluonto.fi\/en\/wp-json\/wp\/v2\/product"}],"about":[{"href":"https:\/\/puhdasluonto.fi\/en\/wp-json\/wp\/v2\/types\/product"}],"replies":[{"embeddable":true,"href":"https:\/\/puhdasluonto.fi\/en\/wp-json\/wp\/v2\/comments?post=148"}],"wp:featuredmedia":[{"embeddable":true,"href":"https:\/\/puhdasluonto.fi\/en\/wp-json\/wp\/v2\/media\/147"}],"wp:attachment":[{"href":"https:\/\/puhdasluonto.fi\/en\/wp-json\/wp\/v2\/media?parent=148"}],"wp:term":[{"taxonomy":"product_brand","embeddable":true,"href":"https:\/\/puhdasluonto.fi\/en\/wp-json\/wp\/v2\/product_brand?post=148"},{"taxonomy":"product_cat","embeddable":true,"href":"https:\/\/puhdasluonto.fi\/en\/wp-json\/wp\/v2\/product_cat?post=148"},{"taxonomy":"product_tag","embeddable":true,"href":"https:\/\/puhdasluonto.fi\/en\/wp-json\/wp\/v2\/product_tag?post=148"}],"curies":[{"name":"wp","href":"https:\/\/api.w.org\/{rel}","templated":true}]}}