{"id":144,"date":"2026-04-09T12:40:42","date_gmt":"2026-04-09T09:40:42","guid":{"rendered":"https:\/\/puhdasluonto.fi\/product\/puhas-loodus-pinguldav-kehakreem-astelpaju-150ml\/"},"modified":"2026-04-09T12:40:42","modified_gmt":"2026-04-09T09:40:42","slug":"puhas-loodus-pinguldav-kehakreem-astelpaju-150ml","status":"publish","type":"product","link":"https:\/\/puhdasluonto.fi\/en\/product\/puhas-loodus-pinguldav-kehakreem-astelpaju-150ml\/","title":{"rendered":"Puhas Loodus pinguldav kehakreem Astelpaju 150ml"},"content":{"rendered":"<p>Kerge tekstuuriga astelpaju\u00f5liga kehakreem igap\u00e4evaseks k\u00f5ikide nahat\u00fc\u00fcpide hoolduseks. Sisaldab vitamiine, aminohappeid, mikroelemente, karoteeni ja valkaineid, mis stimuleerivad naharakkude ainevahetust ja uute rakkude teket. Astelpaju\u00f5li, porgandieksrakt ja E-vitamiini kompleks pinguldavad ja niisutavad nahka.<\/p>","protected":false},"excerpt":{"rendered":"<p>Kerge tekstuuriga astelpaju\u00f5liga kehakreem igap\u00e4evaseks nahahoolduseks.<\/p>","protected":false},"featured_media":143,"comment_status":"open","ping_status":"closed","template":"","meta":{"_acf_changed":false},"product_brand":[],"product_cat":[52,16,31],"product_tag":[62],"class_list":{"0":"post-144","1":"product","2":"type-product","3":"status-publish","4":"has-post-thumbnail","6":"product_cat-bestsellerid","7":"product_cat-ilu-ja-kosmeetika","8":"product_cat-keha","9":"product_tag-bestseller","11":"first","12":"instock","13":"taxable","14":"shipping-taxable","15":"purchasable","16":"product-type-simple"},"acf":[],"_links":{"self":[{"href":"https:\/\/puhdasluonto.fi\/en\/wp-json\/wp\/v2\/product\/144","targetHints":{"allow":["GET"]}}],"collection":[{"href":"https:\/\/puhdasluonto.fi\/en\/wp-json\/wp\/v2\/product"}],"about":[{"href":"https:\/\/puhdasluonto.fi\/en\/wp-json\/wp\/v2\/types\/product"}],"replies":[{"embeddable":true,"href":"https:\/\/puhdasluonto.fi\/en\/wp-json\/wp\/v2\/comments?post=144"}],"wp:featuredmedia":[{"embeddable":true,"href":"https:\/\/puhdasluonto.fi\/en\/wp-json\/wp\/v2\/media\/143"}],"wp:attachment":[{"href":"https:\/\/puhdasluonto.fi\/en\/wp-json\/wp\/v2\/media?parent=144"}],"wp:term":[{"taxonomy":"product_brand","embeddable":true,"href":"https:\/\/puhdasluonto.fi\/en\/wp-json\/wp\/v2\/product_brand?post=144"},{"taxonomy":"product_cat","embeddable":true,"href":"https:\/\/puhdasluonto.fi\/en\/wp-json\/wp\/v2\/product_cat?post=144"},{"taxonomy":"product_tag","embeddable":true,"href":"https:\/\/puhdasluonto.fi\/en\/wp-json\/wp\/v2\/product_tag?post=144"}],"curies":[{"name":"wp","href":"https:\/\/api.w.org\/{rel}","templated":true}]}}